{"id":67,"date":"2022-07-13T06:44:45","date_gmt":"2022-07-13T06:44:45","guid":{"rendered":"https:\/\/woodpecker.co\/investors\/?page_id=67"},"modified":"2024-03-18T08:39:23","modified_gmt":"2024-03-18T08:39:23","slug":"o-nas","status":"publish","type":"page","link":"https:\/\/woodpecker.co\/investors\/o-nas\/","title":{"rendered":"O nas"},"content":{"rendered":"\n<div class=\"wp-container-1 wp-block-group is-style-base\">\n<h2 class=\"is-style-h3\">Podstawowe informacje o sp\u00f3\u0142ce<\/h2>\n\n\n\n<p>Woodpecker.co to sp\u00f3\u0142ka technologiczna dostarczaj\u0105ca oprogramowanie w modelu SaaS, kt\u00f3re pomaga zwi\u0119kszy\u0107 efektywno\u015b\u0107 pracy poprzez inteligentn\u0105 automatyzacj\u0119 proces\u00f3w komunikacji biznesowej. Oprogramowanie wykorzystuje zaawansowane algorytmy, kt\u00f3re pomagaj\u0105 zarz\u0105dza\u0107 komunikacj\u0105 i automatycznie wysy\u0142aj\u0105 spersonalizowane komunikaty, wykrywaj\u0105 odpowiedzi i przypominaj\u0105 o kontakcie. Narz\u0119dzie Woodpecker.co znajduje swoje zastosowanie m.in. podczas aktywnej sprzeda\u017cy, pozyskiwania partner\u00f3w biznesowych, przypominaniu o sobie klientom, czy te\u017c rekrutacji pracownik\u00f3w.&nbsp;<\/p>\n\n\n\n<p>Rozwi\u0105zanie wyr\u00f3\u017cnia si\u0119 \u0142atwo\u015bci\u0105 implementacji, wysokim bezpiecze\u0144stwem oraz najwy\u017csz\u0105 dostarczalno\u015bci\u0105. Sp\u00f3\u0142ka pracuje obecnie z ponad 4 tys. klient\u00f3w z prawie 100 kraj\u00f3w, z kt\u00f3rych niemal po\u0142owa to firmy z USA.<\/p>\n<\/div>\n","protected":false},"excerpt":{"rendered":"<p>Podstawowe informacje o sp\u00f3\u0142ce Woodpecker.co to sp\u00f3\u0142ka technologiczna dostarczaj\u0105ca oprogramowanie w modelu SaaS, kt\u00f3re pomaga zwi\u0119kszy\u0107 efektywno\u015b\u0107 pracy poprzez inteligentn\u0105 automatyzacj\u0119 proces\u00f3w komunikacji biznesowej. Oprogramowanie wykorzystuje zaawansowane algorytmy, kt\u00f3re pomagaj\u0105 zarz\u0105dza\u0107 komunikacj\u0105 i automatycznie wysy\u0142aj\u0105 spersonalizowane komunikaty, wykrywaj\u0105 odpowiedzi i przypominaj\u0105 o kontakcie. Narz\u0119dzie Woodpecker.co znajduje swoje zastosowanie m.in. podczas aktywnej sprzeda\u017cy, pozyskiwania partner\u00f3w biznesowych, [&hellip;]<\/p>\n","protected":false},"author":1,"featured_media":0,"parent":0,"menu_order":0,"comment_status":"closed","ping_status":"closed","template":"","meta":[],"acf":[],"yoast_head":"<!-- This site is optimized with the Yoast SEO plugin v19.3 - https:\/\/yoast.com\/wordpress\/plugins\/seo\/ -->\n<title>O nas - Woodpecker<\/title>\n<meta name=\"robots\" content=\"index, follow, max-snippet:-1, max-image-preview:large, max-video-preview:-1\" \/>\n<link rel=\"canonical\" href=\"https:\/\/woodpecker.co\/investors\/o-nas\/\" \/>\n<meta property=\"og:locale\" content=\"pl_PL\" \/>\n<meta property=\"og:type\" content=\"article\" \/>\n<meta property=\"og:title\" content=\"O nas - Woodpecker\" \/>\n<meta property=\"og:description\" content=\"Podstawowe informacje o sp\u00f3\u0142ce Woodpecker.co to sp\u00f3\u0142ka technologiczna dostarczaj\u0105ca oprogramowanie w modelu SaaS, kt\u00f3re pomaga zwi\u0119kszy\u0107 efektywno\u015b\u0107 pracy poprzez inteligentn\u0105 automatyzacj\u0119 proces\u00f3w komunikacji biznesowej. Oprogramowanie wykorzystuje zaawansowane algorytmy, kt\u00f3re pomagaj\u0105 zarz\u0105dza\u0107 komunikacj\u0105 i automatycznie wysy\u0142aj\u0105 spersonalizowane komunikaty, wykrywaj\u0105 odpowiedzi i przypominaj\u0105 o kontakcie. Narz\u0119dzie Woodpecker.co znajduje swoje zastosowanie m.in. podczas aktywnej sprzeda\u017cy, pozyskiwania partner\u00f3w biznesowych, [&hellip;]\" \/>\n<meta property=\"og:url\" content=\"https:\/\/woodpecker.co\/investors\/o-nas\/\" \/>\n<meta property=\"og:site_name\" content=\"Woodpecker Investors\" \/>\n<meta property=\"article:publisher\" content=\"https:\/\/www.facebook.com\/woodpeckerapp\/\" \/>\n<meta property=\"article:modified_time\" content=\"2024-03-18T08:39:23+00:00\" \/>\n<meta name=\"twitter:card\" content=\"summary_large_image\" \/>\n<meta name=\"twitter:site\" content=\"@Woodpecker_IR\" \/>\n<meta name=\"twitter:label1\" content=\"Est. reading time\" \/>\n\t<meta name=\"twitter:data1\" content=\"1 minute\" \/>\n<script type=\"application\/ld+json\" class=\"yoast-schema-graph\">{\"@context\":\"https:\/\/schema.org\",\"@graph\":[{\"@type\":\"WebSite\",\"@id\":\"https:\/\/woodpecker.co\/investors\/#website\",\"url\":\"https:\/\/woodpecker.co\/investors\/\",\"name\":\"Woodpecker Investors\",\"description\":\"Oficjalna strona relacji inwestorskich Woodpecker.co S.A. Informacje o sp\u00f3\u0142ce, aktualno\u015bci, raporty. Zapisz si\u0119 na webinar dla inwestor\u00f3w.\",\"potentialAction\":[{\"@type\":\"SearchAction\",\"target\":{\"@type\":\"EntryPoint\",\"urlTemplate\":\"https:\/\/woodpecker.co\/investors\/?s={search_term_string}\"},\"query-input\":\"required name=search_term_string\"}],\"inLanguage\":\"pl-PL\"},{\"@type\":\"WebPage\",\"@id\":\"https:\/\/woodpecker.co\/investors\/o-nas\/\",\"url\":\"https:\/\/woodpecker.co\/investors\/o-nas\/\",\"name\":\"O nas - Woodpecker\",\"isPartOf\":{\"@id\":\"https:\/\/woodpecker.co\/investors\/#website\"},\"datePublished\":\"2022-07-13T06:44:45+00:00\",\"dateModified\":\"2024-03-18T08:39:23+00:00\",\"breadcrumb\":{\"@id\":\"https:\/\/woodpecker.co\/investors\/o-nas\/#breadcrumb\"},\"inLanguage\":\"pl-PL\",\"potentialAction\":[{\"@type\":\"ReadAction\",\"target\":[\"https:\/\/woodpecker.co\/investors\/o-nas\/\"]}]},{\"@type\":\"BreadcrumbList\",\"@id\":\"https:\/\/woodpecker.co\/investors\/o-nas\/#breadcrumb\",\"itemListElement\":[{\"@type\":\"ListItem\",\"position\":1,\"name\":\"Home\",\"item\":\"https:\/\/woodpecker.co\/investors\/\"},{\"@type\":\"ListItem\",\"position\":2,\"name\":\"O nas\"}]}]}<\/script>\n<!-- \/ Yoast SEO plugin. -->","yoast_head_json":{"title":"O nas - Woodpecker","robots":{"index":"index","follow":"follow","max-snippet":"max-snippet:-1","max-image-preview":"max-image-preview:large","max-video-preview":"max-video-preview:-1"},"canonical":"https:\/\/woodpecker.co\/investors\/o-nas\/","og_locale":"pl_PL","og_type":"article","og_title":"O nas - Woodpecker","og_description":"Podstawowe informacje o sp\u00f3\u0142ce Woodpecker.co to sp\u00f3\u0142ka technologiczna dostarczaj\u0105ca oprogramowanie w modelu SaaS, kt\u00f3re pomaga zwi\u0119kszy\u0107 efektywno\u015b\u0107 pracy poprzez inteligentn\u0105 automatyzacj\u0119 proces\u00f3w komunikacji biznesowej. Oprogramowanie wykorzystuje zaawansowane algorytmy, kt\u00f3re pomagaj\u0105 zarz\u0105dza\u0107 komunikacj\u0105 i automatycznie wysy\u0142aj\u0105 spersonalizowane komunikaty, wykrywaj\u0105 odpowiedzi i przypominaj\u0105 o kontakcie. Narz\u0119dzie Woodpecker.co znajduje swoje zastosowanie m.in. podczas aktywnej sprzeda\u017cy, pozyskiwania partner\u00f3w biznesowych, [&hellip;]","og_url":"https:\/\/woodpecker.co\/investors\/o-nas\/","og_site_name":"Woodpecker Investors","article_publisher":"https:\/\/www.facebook.com\/woodpeckerapp\/","article_modified_time":"2024-03-18T08:39:23+00:00","twitter_card":"summary_large_image","twitter_site":"@Woodpecker_IR","twitter_misc":{"Est. reading time":"1 minute"},"schema":{"@context":"https:\/\/schema.org","@graph":[{"@type":"WebSite","@id":"https:\/\/woodpecker.co\/investors\/#website","url":"https:\/\/woodpecker.co\/investors\/","name":"Woodpecker Investors","description":"Oficjalna strona relacji inwestorskich Woodpecker.co S.A. Informacje o sp\u00f3\u0142ce, aktualno\u015bci, raporty. Zapisz si\u0119 na webinar dla inwestor\u00f3w.","potentialAction":[{"@type":"SearchAction","target":{"@type":"EntryPoint","urlTemplate":"https:\/\/woodpecker.co\/investors\/?s={search_term_string}"},"query-input":"required name=search_term_string"}],"inLanguage":"pl-PL"},{"@type":"WebPage","@id":"https:\/\/woodpecker.co\/investors\/o-nas\/","url":"https:\/\/woodpecker.co\/investors\/o-nas\/","name":"O nas - Woodpecker","isPartOf":{"@id":"https:\/\/woodpecker.co\/investors\/#website"},"datePublished":"2022-07-13T06:44:45+00:00","dateModified":"2024-03-18T08:39:23+00:00","breadcrumb":{"@id":"https:\/\/woodpecker.co\/investors\/o-nas\/#breadcrumb"},"inLanguage":"pl-PL","potentialAction":[{"@type":"ReadAction","target":["https:\/\/woodpecker.co\/investors\/o-nas\/"]}]},{"@type":"BreadcrumbList","@id":"https:\/\/woodpecker.co\/investors\/o-nas\/#breadcrumb","itemListElement":[{"@type":"ListItem","position":1,"name":"Home","item":"https:\/\/woodpecker.co\/investors\/"},{"@type":"ListItem","position":2,"name":"O nas"}]}]}},"_links":{"self":[{"href":"https:\/\/woodpecker.co\/investors\/wp-json\/wp\/v2\/pages\/67"}],"collection":[{"href":"https:\/\/woodpecker.co\/investors\/wp-json\/wp\/v2\/pages"}],"about":[{"href":"https:\/\/woodpecker.co\/investors\/wp-json\/wp\/v2\/types\/page"}],"author":[{"embeddable":true,"href":"https:\/\/woodpecker.co\/investors\/wp-json\/wp\/v2\/users\/1"}],"replies":[{"embeddable":true,"href":"https:\/\/woodpecker.co\/investors\/wp-json\/wp\/v2\/comments?post=67"}],"version-history":[{"count":3,"href":"https:\/\/woodpecker.co\/investors\/wp-json\/wp\/v2\/pages\/67\/revisions"}],"predecessor-version":[{"id":590,"href":"https:\/\/woodpecker.co\/investors\/wp-json\/wp\/v2\/pages\/67\/revisions\/590"}],"wp:attachment":[{"href":"https:\/\/woodpecker.co\/investors\/wp-json\/wp\/v2\/media?parent=67"}],"curies":[{"name":"wp","href":"https:\/\/api.w.org\/{rel}","templated":true}]}}