{"id":667,"date":"2024-04-04T12:43:18","date_gmt":"2024-04-04T12:43:18","guid":{"rendered":"https:\/\/woodpecker.co\/investors\/?page_id=667"},"modified":"2024-04-10T07:10:32","modified_gmt":"2024-04-10T07:10:32","slug":"rada-nadzorcza","status":"publish","type":"page","link":"https:\/\/woodpecker.co\/investors\/rada-nadzorcza\/","title":{"rendered":"Rada nadzorcza"},"content":{"rendered":"\n<div class=\"wp-container-1 wp-block-group is-style-base\"><article class=\"short-bio\">\n    <h2 class=\"short-bio__name\">\n        Marcin Ku\u015bmierz\n    <\/h2>\n\n    <div class=\"short-bio__position\">\n        Cz\u0142onek Rady Nadzorczej\n    <\/div>\n\n    <div class=\"short-bio__bio\">\n        <p>Marcin Ku\u015bmierz od 28 czerwca 2022 r. pe\u0142ni funkcje cz\u0142onka Rady Nadzorczej. W latach 2005-2007 zwi\u0105zany by\u0142 z Grup\u0105 ITI\/Grup\u0105 TVN, jako Dyrektor ds. bada\u0144 i rozwoju oraz Dyrektor ds. us\u0142ug mobilnych. Nast\u0119pnie w latach 2007-2020 sprawowa\u0142 funkcj\u0119 prezesa zarz\u0105du w sp\u00f3\u0142kach z grupy home.pl (m.in. AZ.PL, Premium.pl, HBS Cloud) oraz w home.pl S.A. Od 2021 roku pe\u0142ni funkcj\u0119 prezesa zarz\u0105du w sp\u00f3\u0142ce Shoper S.A. W latach 1995-2000 studiowa\u0142 politologi\u0119 na Uniwersytecie Marii Curie-Sk\u0142odowskiej w Lublinie, uzyskuj\u0105c tytu\u0142 magistra ze specjalizacj\u0105 dziennikarsk\u0105.<\/p>\n\n    <\/div>\n\n<\/article>\n\n\n<article class=\"short-bio\">\n    <h2 class=\"short-bio__name\">\n        Mateusz Tarczy\u0144ski\n    <\/h2>\n\n    <div class=\"short-bio__position\">\n        Cz\u0142onek Rady Nadzorczej\n    <\/div>\n\n    <div class=\"short-bio__bio\">\n        <p>Mateusz Tarczy\u0144ski od 21 lutego 2024 r. pe\u0142ni funkcj\u0119 cz\u0142onka Rady Nadzorczej. Od 26 marca 2021 r. do 20 lutego 2024 r. pe\u0142ni\u0142 funkcj\u0119 Prezesa Zarz\u0105du. Od czerwca 2015 roku by\u0142 wsp\u00f3lnikiem i pe\u0142ni\u0142 funkcj\u0119 prezesa zarz\u0105du poprzednika prawnego Emitenta sp\u00f3\u0142ki Woodpecker.co sp. z o.o. Od 2017 roku do Daty Prospektu prowadzi jednoosobow\u0105 dzia\u0142alno\u015b\u0107 gospodarcz\u0105 \u015bwiadcz\u0105c\u0105 us\u0142ugi konsultingowe pod firm\u0105 MT Mateusz Tarczy\u0144ski. W latach 2004-2007 prowadzi\u0142 dzia\u0142alno\u015b\u0107 konsultingow\u0105 w EuroSmart jako freelancer a od maja 2007 roku do czerwca 2012 roku by\u0142 w\u0142a\u015bcicielem agencji reklamowej SmartYou Mateusz Tarczy\u0144ski oraz w latach 2009-2012 wsp\u00f3\u0142w\u0142a\u015bcicielem w agencji interaktywnej konkretni.com s.c. W latach 2002-2005 studiowa\u0142 na Uniwersytecie Zielonog\u00f3rskim ko\u0144cz\u0105c studia licencjackie Zarz\u0105dzanie i Marketing. Tytu\u0142 magistra politologii ze specjalizacj\u0105 marketing polityczny uzyska\u0142 w 2010 roku na Uniwersytecie Wroc\u0142awskim.<\/p>\n\n    <\/div>\n\n<\/article>\n\n\n<article class=\"short-bio\">\n    <h2 class=\"short-bio__name\">\n        Andrzej Nykiel\n    <\/h2>\n\n    <div class=\"short-bio__position\">\n        Niezale\u017cny Cz\u0142onek Rady Nadzorczej\n    <\/div>\n\n    <div class=\"short-bio__bio\">\n        <p>Andrzej Nykiel od 7 maja 2021 r. pe\u0142ni funkcj\u0119 cz\u0142onka Rady Nadzorczej. Od roku 2011 do 2015 roku zwi\u0105zany by\u0142 ze sp\u00f3\u0142k\u0105 adwokat\u00f3w Lotz i Partnerzy sp. p., jako praktykant a nast\u0119pnie aplikant adwokacki. W latach 2012- 2015 pracowa\u0142, jako prawnik w kancelarii radcy prawnego Beneficjum, a w latach 2015-2017 w Hacho\u0142 i Partnerzy sp\u00f3\u0142ka radc\u00f3w prawnych. Od 2017 roku do chwili obecnej prowadzi dzia\u0142alno\u015b\u0107 gospodarcz\u0105 pod firm\u0105 Kancelaria Adwokacka Andrzej Micha\u0142 Nykiel. W 2012 roku uzyska\u0142 tytu\u0142 magistra na Wydziale Prawa, Administracji i Ekonomii Uniwersytetu Wroc\u0142awskiego. W 2016 roku po uko\u0144czeniu aplikacji adwokackiej zda\u0142 egzamin adwokacki oraz zosta\u0142 wpisany na list\u0119 adwokat\u00f3w przez Okr\u0119gow\u0105 Rad\u0119 Adwokack\u0105 we Wroc\u0142awiu.<\/p>\n\n    <\/div>\n\n<\/article>\n\n\n<article class=\"short-bio\">\n    <h2 class=\"short-bio__name\">\n        Jakub Cie\u015bla\n    <\/h2>\n\n    <div class=\"short-bio__position\">\n        Cz\u0142onek Rady Nadzorczej\n    <\/div>\n\n    <div class=\"short-bio__bio\">\n        <p>Jakub Cie\u015bla pe\u0142ni funkcj\u0119 cz\u0142onka Rady Nadzorczej od 7 marca 2023 r. Od 2016 roku pe\u0142ni funkcj\u0119 cz\u0142onka zarz\u0105du oraz wsp\u00f3lnika w sp\u00f3\u0142ce Ibis Boles\u0142awiec sp. z o.o., a od 2015 roku jest wsp\u00f3lnikiem w sp\u00f3\u0142ce Marine sp. j. Od 2021 roku jest prezesem zarz\u0105du oraz wsp\u00f3lnikiem w sp\u00f3\u0142ce Euro2007 sp. z o.o., komplementariuszem w sp\u00f3\u0142ce Euro2007 sp. z o.o. sp. k. oraz cz\u0142onkiem zarz\u0105du oraz wsp\u00f3lnikiem w sp\u00f3\u0142ce Logistics Park Boles\u0142awiec sp. z o.o. Od 2022 roku jest r\u00f3wnie\u017c wsp\u00f3lnikiem w sp\u00f3\u0142ce Widok Centrum sp. z o.o. W 2005 roku uko\u0144czy\u0142 Wy\u017csz\u0105 Szko\u0142\u0119 Zarz\u0105dzania i Bankowo\u015bci we Wroc\u0142awiu na kierunku administracja.<\/p>\n\n    <\/div>\n\n<\/article>\n\n\n<article class=\"short-bio\">\n    <h2 class=\"short-bio__name\">\n        Bartosz Lis\n    <\/h2>\n\n    <div class=\"short-bio__position\">\n        Niezale\u017cny Cz\u0142onek Rady Nadzorczej\n    <\/div>\n\n    <div class=\"short-bio__bio\">\n        <p>Bartosz Lis od 7 maja 2021 r. do 22 listopada 2022 r. a nast\u0119pnie od 7 kwietnia 2023 r. sprawuje funkcj\u0119 cz\u0142onka Rady Nadzorczej. W latach 2011-2013 pracowa\u0142, jako asystent w sp\u00f3\u0142ce Michalik D\u0142uska Dziedzic i Partnerzy Sp\u00f3\u0142ka Doradztwa Podatkowego a nast\u0119pnie w latach 2014-2015 jako prawnik w Polish Tax Institute sp. z o.o. Od 2015 roku do 2017 roku pracowa\u0142, jako prawnik w Holub \u2013 legal Radcy prawni, a od 2017 roku do chwili obecnej prowadzi dzia\u0142alno\u015b\u0107 gospodarcz\u0105 pod firm\u0105 Doradztwo Prawne Bartosz Lis, w ramach, kt\u00f3rej m.in. \u015bwiadczy us\u0142ugi doradztwa prawnego dla sp\u00f3\u0142ki Tar Heel Capital Pathfinder. W 2012 roku uzyska\u0142 tytu\u0142 magistra na Wydziale Prawa i Administracji Uniwersytetu Warszawskiego. W 2018 roku uko\u0144czy\u0142 aplikacj\u0119 adwokack\u0105 w Izbie Adwokackiej w Warszawie oraz zda\u0142 egzamin adwokacki w 2019 roku.<\/p>\n\n    <\/div>\n\n<\/article>\n<\/div>\n","protected":false},"excerpt":{"rendered":"","protected":false},"author":1,"featured_media":0,"parent":0,"menu_order":0,"comment_status":"closed","ping_status":"closed","template":"","meta":[],"acf":[],"yoast_head":"<!-- This site is optimized with the Yoast SEO plugin v19.3 - https:\/\/yoast.com\/wordpress\/plugins\/seo\/ -->\n<title>Rada nadzorcza - Woodpecker Investors<\/title>\n<meta name=\"robots\" content=\"index, follow, max-snippet:-1, max-image-preview:large, max-video-preview:-1\" \/>\n<link rel=\"canonical\" href=\"https:\/\/woodpecker.co\/investors\/rada-nadzorcza\/\" \/>\n<meta property=\"og:locale\" content=\"pl_PL\" \/>\n<meta property=\"og:type\" content=\"article\" \/>\n<meta property=\"og:title\" content=\"Rada nadzorcza - Woodpecker Investors\" \/>\n<meta property=\"og:url\" content=\"https:\/\/woodpecker.co\/investors\/rada-nadzorcza\/\" \/>\n<meta property=\"og:site_name\" content=\"Woodpecker Investors\" \/>\n<meta property=\"article:publisher\" content=\"https:\/\/www.facebook.com\/woodpeckerapp\/\" \/>\n<meta property=\"article:modified_time\" content=\"2024-04-10T07:10:32+00:00\" \/>\n<meta name=\"twitter:card\" content=\"summary_large_image\" \/>\n<meta name=\"twitter:site\" content=\"@Woodpecker_IR\" \/>\n<script type=\"application\/ld+json\" class=\"yoast-schema-graph\">{\"@context\":\"https:\/\/schema.org\",\"@graph\":[{\"@type\":\"WebSite\",\"@id\":\"https:\/\/woodpecker.co\/investors\/#website\",\"url\":\"https:\/\/woodpecker.co\/investors\/\",\"name\":\"Woodpecker Investors\",\"description\":\"Oficjalna strona relacji inwestorskich Woodpecker.co S.A. Informacje o sp\u00f3\u0142ce, aktualno\u015bci, raporty. Zapisz si\u0119 na webinar dla inwestor\u00f3w.\",\"potentialAction\":[{\"@type\":\"SearchAction\",\"target\":{\"@type\":\"EntryPoint\",\"urlTemplate\":\"https:\/\/woodpecker.co\/investors\/?s={search_term_string}\"},\"query-input\":\"required name=search_term_string\"}],\"inLanguage\":\"pl-PL\"},{\"@type\":\"WebPage\",\"@id\":\"https:\/\/woodpecker.co\/investors\/rada-nadzorcza\/\",\"url\":\"https:\/\/woodpecker.co\/investors\/rada-nadzorcza\/\",\"name\":\"Rada nadzorcza - Woodpecker Investors\",\"isPartOf\":{\"@id\":\"https:\/\/woodpecker.co\/investors\/#website\"},\"datePublished\":\"2024-04-04T12:43:18+00:00\",\"dateModified\":\"2024-04-10T07:10:32+00:00\",\"breadcrumb\":{\"@id\":\"https:\/\/woodpecker.co\/investors\/rada-nadzorcza\/#breadcrumb\"},\"inLanguage\":\"pl-PL\",\"potentialAction\":[{\"@type\":\"ReadAction\",\"target\":[\"https:\/\/woodpecker.co\/investors\/rada-nadzorcza\/\"]}]},{\"@type\":\"BreadcrumbList\",\"@id\":\"https:\/\/woodpecker.co\/investors\/rada-nadzorcza\/#breadcrumb\",\"itemListElement\":[{\"@type\":\"ListItem\",\"position\":1,\"name\":\"Home\",\"item\":\"https:\/\/woodpecker.co\/investors\/\"},{\"@type\":\"ListItem\",\"position\":2,\"name\":\"Rada nadzorcza\"}]}]}<\/script>\n<!-- \/ Yoast SEO plugin. -->","yoast_head_json":{"title":"Rada nadzorcza - Woodpecker Investors","robots":{"index":"index","follow":"follow","max-snippet":"max-snippet:-1","max-image-preview":"max-image-preview:large","max-video-preview":"max-video-preview:-1"},"canonical":"https:\/\/woodpecker.co\/investors\/rada-nadzorcza\/","og_locale":"pl_PL","og_type":"article","og_title":"Rada nadzorcza - Woodpecker Investors","og_url":"https:\/\/woodpecker.co\/investors\/rada-nadzorcza\/","og_site_name":"Woodpecker Investors","article_publisher":"https:\/\/www.facebook.com\/woodpeckerapp\/","article_modified_time":"2024-04-10T07:10:32+00:00","twitter_card":"summary_large_image","twitter_site":"@Woodpecker_IR","schema":{"@context":"https:\/\/schema.org","@graph":[{"@type":"WebSite","@id":"https:\/\/woodpecker.co\/investors\/#website","url":"https:\/\/woodpecker.co\/investors\/","name":"Woodpecker Investors","description":"Oficjalna strona relacji inwestorskich Woodpecker.co S.A. Informacje o sp\u00f3\u0142ce, aktualno\u015bci, raporty. Zapisz si\u0119 na webinar dla inwestor\u00f3w.","potentialAction":[{"@type":"SearchAction","target":{"@type":"EntryPoint","urlTemplate":"https:\/\/woodpecker.co\/investors\/?s={search_term_string}"},"query-input":"required name=search_term_string"}],"inLanguage":"pl-PL"},{"@type":"WebPage","@id":"https:\/\/woodpecker.co\/investors\/rada-nadzorcza\/","url":"https:\/\/woodpecker.co\/investors\/rada-nadzorcza\/","name":"Rada nadzorcza - Woodpecker Investors","isPartOf":{"@id":"https:\/\/woodpecker.co\/investors\/#website"},"datePublished":"2024-04-04T12:43:18+00:00","dateModified":"2024-04-10T07:10:32+00:00","breadcrumb":{"@id":"https:\/\/woodpecker.co\/investors\/rada-nadzorcza\/#breadcrumb"},"inLanguage":"pl-PL","potentialAction":[{"@type":"ReadAction","target":["https:\/\/woodpecker.co\/investors\/rada-nadzorcza\/"]}]},{"@type":"BreadcrumbList","@id":"https:\/\/woodpecker.co\/investors\/rada-nadzorcza\/#breadcrumb","itemListElement":[{"@type":"ListItem","position":1,"name":"Home","item":"https:\/\/woodpecker.co\/investors\/"},{"@type":"ListItem","position":2,"name":"Rada nadzorcza"}]}]}},"_links":{"self":[{"href":"https:\/\/woodpecker.co\/investors\/wp-json\/wp\/v2\/pages\/667"}],"collection":[{"href":"https:\/\/woodpecker.co\/investors\/wp-json\/wp\/v2\/pages"}],"about":[{"href":"https:\/\/woodpecker.co\/investors\/wp-json\/wp\/v2\/types\/page"}],"author":[{"embeddable":true,"href":"https:\/\/woodpecker.co\/investors\/wp-json\/wp\/v2\/users\/1"}],"replies":[{"embeddable":true,"href":"https:\/\/woodpecker.co\/investors\/wp-json\/wp\/v2\/comments?post=667"}],"version-history":[{"count":11,"href":"https:\/\/woodpecker.co\/investors\/wp-json\/wp\/v2\/pages\/667\/revisions"}],"predecessor-version":[{"id":697,"href":"https:\/\/woodpecker.co\/investors\/wp-json\/wp\/v2\/pages\/667\/revisions\/697"}],"wp:attachment":[{"href":"https:\/\/woodpecker.co\/investors\/wp-json\/wp\/v2\/media?parent=667"}],"curies":[{"name":"wp","href":"https:\/\/api.w.org\/{rel}","templated":true}]}}