{"id":58,"date":"2022-07-13T06:39:58","date_gmt":"2022-07-13T06:39:58","guid":{"rendered":"https:\/\/woodpecker.co\/investors\/?page_id=58"},"modified":"2022-10-17T10:24:36","modified_gmt":"2022-10-17T10:24:36","slug":"dokument-informacyjny","status":"publish","type":"page","link":"https:\/\/woodpecker.co\/investors\/dokument-informacyjny\/","title":{"rendered":"Dokument informacyjny"},"content":{"rendered":"\n<div class=\"wp-container-1 wp-block-group is-style-base\">\n\n\n<article class=\"info-tile js-info-tile info-tile--is-simple\">\n            <h2 class=\"info-tile__heading\">Woodpecker Dokument Informacyjny<\/h2>\n            <div class=\"info-tile__content\">\n        <div class=\"info-tile__text-content\">\n                    <\/div>\n\n                                                        \n            <div class=\"info-tile__button\">\n              <a href=\"https:\/\/woodpecker.co\/investors\/app\/uploads\/2022\/07\/dokument-informacyjny-woodpecker.pdf\" target=\"_blank\" class=\"download-button\" aria-label=\"Pobierz za\u0142\u0105cznik\">\n                <img src=\"https:\/\/woodpecker.co\/investors\/app\/themes\/woodpecker-investors\/assets\/img\/download-icon.svg\" alt=\"\" loading=\"lazy\" class=\"info-tile__icon\">\n              <\/a>\n            <\/div>\n            <\/div>\n<\/article>\n<\/div>\n","protected":false},"excerpt":{"rendered":"","protected":false},"author":1,"featured_media":0,"parent":0,"menu_order":0,"comment_status":"closed","ping_status":"closed","template":"","meta":[],"acf":[],"yoast_head":"<!-- This site is optimized with the Yoast SEO plugin v19.3 - https:\/\/yoast.com\/wordpress\/plugins\/seo\/ -->\n<title>Dokument informacyjny - Woodpecker.co Sp\u00f3\u0142ka Akcyjna<\/title>\n<meta name=\"description\" content=\"Dokument informacyjny sp\u00f3\u0142ki Woodpecker.co S.A. Pobierz plik w formacie .pdf.\" \/>\n<meta name=\"robots\" content=\"index, follow, max-snippet:-1, max-image-preview:large, max-video-preview:-1\" \/>\n<link rel=\"canonical\" href=\"https:\/\/woodpecker.co\/investors\/dokument-informacyjny\/\" \/>\n<meta property=\"og:locale\" content=\"pl_PL\" \/>\n<meta property=\"og:type\" content=\"article\" \/>\n<meta property=\"og:title\" content=\"Dokument informacyjny - Woodpecker.co Sp\u00f3\u0142ka Akcyjna\" \/>\n<meta property=\"og:description\" content=\"Dokument informacyjny sp\u00f3\u0142ki Woodpecker.co S.A. Pobierz plik w formacie .pdf.\" \/>\n<meta property=\"og:url\" content=\"https:\/\/woodpecker.co\/investors\/dokument-informacyjny\/\" \/>\n<meta property=\"og:site_name\" content=\"Woodpecker Investors\" \/>\n<meta property=\"article:publisher\" content=\"https:\/\/www.facebook.com\/woodpeckerapp\/\" \/>\n<meta property=\"article:modified_time\" content=\"2022-10-17T10:24:36+00:00\" \/>\n<meta name=\"twitter:card\" content=\"summary_large_image\" \/>\n<meta name=\"twitter:site\" content=\"@Woodpecker_IR\" \/>\n<script type=\"application\/ld+json\" class=\"yoast-schema-graph\">{\"@context\":\"https:\/\/schema.org\",\"@graph\":[{\"@type\":\"WebSite\",\"@id\":\"https:\/\/woodpecker.co\/investors\/#website\",\"url\":\"https:\/\/woodpecker.co\/investors\/\",\"name\":\"Woodpecker Investors\",\"description\":\"Oficjalna strona relacji inwestorskich Woodpecker.co S.A. Informacje o sp\u00f3\u0142ce, aktualno\u015bci, raporty. Zapisz si\u0119 na webinar dla inwestor\u00f3w.\",\"potentialAction\":[{\"@type\":\"SearchAction\",\"target\":{\"@type\":\"EntryPoint\",\"urlTemplate\":\"https:\/\/woodpecker.co\/investors\/?s={search_term_string}\"},\"query-input\":\"required name=search_term_string\"}],\"inLanguage\":\"pl-PL\"},{\"@type\":\"WebPage\",\"@id\":\"https:\/\/woodpecker.co\/investors\/dokument-informacyjny\/\",\"url\":\"https:\/\/woodpecker.co\/investors\/dokument-informacyjny\/\",\"name\":\"Dokument informacyjny - Woodpecker.co Sp\u00f3\u0142ka Akcyjna\",\"isPartOf\":{\"@id\":\"https:\/\/woodpecker.co\/investors\/#website\"},\"datePublished\":\"2022-07-13T06:39:58+00:00\",\"dateModified\":\"2022-10-17T10:24:36+00:00\",\"description\":\"Dokument informacyjny sp\u00f3\u0142ki Woodpecker.co S.A. Pobierz plik w formacie .pdf.\",\"breadcrumb\":{\"@id\":\"https:\/\/woodpecker.co\/investors\/dokument-informacyjny\/#breadcrumb\"},\"inLanguage\":\"pl-PL\",\"potentialAction\":[{\"@type\":\"ReadAction\",\"target\":[\"https:\/\/woodpecker.co\/investors\/dokument-informacyjny\/\"]}]},{\"@type\":\"BreadcrumbList\",\"@id\":\"https:\/\/woodpecker.co\/investors\/dokument-informacyjny\/#breadcrumb\",\"itemListElement\":[{\"@type\":\"ListItem\",\"position\":1,\"name\":\"Home\",\"item\":\"https:\/\/woodpecker.co\/investors\/\"},{\"@type\":\"ListItem\",\"position\":2,\"name\":\"Dokument informacyjny\"}]}]}<\/script>\n<!-- \/ Yoast SEO plugin. -->","yoast_head_json":{"title":"Dokument informacyjny - Woodpecker.co Sp\u00f3\u0142ka Akcyjna","description":"Dokument informacyjny sp\u00f3\u0142ki Woodpecker.co S.A. Pobierz plik w formacie .pdf.","robots":{"index":"index","follow":"follow","max-snippet":"max-snippet:-1","max-image-preview":"max-image-preview:large","max-video-preview":"max-video-preview:-1"},"canonical":"https:\/\/woodpecker.co\/investors\/dokument-informacyjny\/","og_locale":"pl_PL","og_type":"article","og_title":"Dokument informacyjny - Woodpecker.co Sp\u00f3\u0142ka Akcyjna","og_description":"Dokument informacyjny sp\u00f3\u0142ki Woodpecker.co S.A. Pobierz plik w formacie .pdf.","og_url":"https:\/\/woodpecker.co\/investors\/dokument-informacyjny\/","og_site_name":"Woodpecker Investors","article_publisher":"https:\/\/www.facebook.com\/woodpeckerapp\/","article_modified_time":"2022-10-17T10:24:36+00:00","twitter_card":"summary_large_image","twitter_site":"@Woodpecker_IR","schema":{"@context":"https:\/\/schema.org","@graph":[{"@type":"WebSite","@id":"https:\/\/woodpecker.co\/investors\/#website","url":"https:\/\/woodpecker.co\/investors\/","name":"Woodpecker Investors","description":"Oficjalna strona relacji inwestorskich Woodpecker.co S.A. Informacje o sp\u00f3\u0142ce, aktualno\u015bci, raporty. Zapisz si\u0119 na webinar dla inwestor\u00f3w.","potentialAction":[{"@type":"SearchAction","target":{"@type":"EntryPoint","urlTemplate":"https:\/\/woodpecker.co\/investors\/?s={search_term_string}"},"query-input":"required name=search_term_string"}],"inLanguage":"pl-PL"},{"@type":"WebPage","@id":"https:\/\/woodpecker.co\/investors\/dokument-informacyjny\/","url":"https:\/\/woodpecker.co\/investors\/dokument-informacyjny\/","name":"Dokument informacyjny - Woodpecker.co Sp\u00f3\u0142ka Akcyjna","isPartOf":{"@id":"https:\/\/woodpecker.co\/investors\/#website"},"datePublished":"2022-07-13T06:39:58+00:00","dateModified":"2022-10-17T10:24:36+00:00","description":"Dokument informacyjny sp\u00f3\u0142ki Woodpecker.co S.A. Pobierz plik w formacie .pdf.","breadcrumb":{"@id":"https:\/\/woodpecker.co\/investors\/dokument-informacyjny\/#breadcrumb"},"inLanguage":"pl-PL","potentialAction":[{"@type":"ReadAction","target":["https:\/\/woodpecker.co\/investors\/dokument-informacyjny\/"]}]},{"@type":"BreadcrumbList","@id":"https:\/\/woodpecker.co\/investors\/dokument-informacyjny\/#breadcrumb","itemListElement":[{"@type":"ListItem","position":1,"name":"Home","item":"https:\/\/woodpecker.co\/investors\/"},{"@type":"ListItem","position":2,"name":"Dokument informacyjny"}]}]}},"_links":{"self":[{"href":"https:\/\/woodpecker.co\/investors\/wp-json\/wp\/v2\/pages\/58"}],"collection":[{"href":"https:\/\/woodpecker.co\/investors\/wp-json\/wp\/v2\/pages"}],"about":[{"href":"https:\/\/woodpecker.co\/investors\/wp-json\/wp\/v2\/types\/page"}],"author":[{"embeddable":true,"href":"https:\/\/woodpecker.co\/investors\/wp-json\/wp\/v2\/users\/1"}],"replies":[{"embeddable":true,"href":"https:\/\/woodpecker.co\/investors\/wp-json\/wp\/v2\/comments?post=58"}],"version-history":[{"count":9,"href":"https:\/\/woodpecker.co\/investors\/wp-json\/wp\/v2\/pages\/58\/revisions"}],"predecessor-version":[{"id":267,"href":"https:\/\/woodpecker.co\/investors\/wp-json\/wp\/v2\/pages\/58\/revisions\/267"}],"wp:attachment":[{"href":"https:\/\/woodpecker.co\/investors\/wp-json\/wp\/v2\/media?parent=58"}],"curies":[{"name":"wp","href":"https:\/\/api.w.org\/{rel}","templated":true}]}}