{"id":56,"date":"2022-07-13T06:37:34","date_gmt":"2022-07-13T06:37:34","guid":{"rendered":"https:\/\/woodpecker.co\/investors\/?page_id=56"},"modified":"2026-01-29T11:10:11","modified_gmt":"2026-01-29T11:10:11","slug":"akcjonariat","status":"publish","type":"page","link":"https:\/\/woodpecker.co\/investors\/akcjonariat\/","title":{"rendered":"Akcjonariat"},"content":{"rendered":"<div class='table js-table'>\n<figure class=\"wp-block-table is-style-table\"><table class=\"has-black-color has-text-color\"><thead><tr><th class=\"has-text-align-left\" data-align=\"left\">Akcjonariusze<\/th><th class=\"has-text-align-center\" data-align=\"center\">Liczba akcji<\/th><th class=\"has-text-align-center\" data-align=\"center\">Udzia\u0142 %<\/th><\/tr><\/thead><tbody><tr><td class=\"has-text-align-left\" data-align=\"left\">Maciej Cie\u015bla z podmiotami zale\u017cnymi:<br>          <span style=\"color: #80838D;\">Maciej Cie\u015bla<br>          Maciej Cie\u015bla Fundacja Rodzinna<\/span><\/td><td class=\"has-text-align-center\" data-align=\"center\">1 113 000<br><span style=\"color: #80838D;\">597 000<br>516 000<\/span><\/td><td class=\"has-text-align-center\" data-align=\"center\">22,26%<br><span style=\"color: #80838D;\">11,94%<br>10,32%<\/span><\/td><\/tr><tr><td class=\"has-text-align-left\" data-align=\"left\">Mateusz Tarczy\u0144ski Fundacja Rodzinna<\/td><td class=\"has-text-align-center\" data-align=\"center\">640 041<\/td><td class=\"has-text-align-center\" data-align=\"center\">12,80%<\/td><\/tr><tr><td class=\"has-text-align-left\" data-align=\"left\">Kinga Tarczy\u0144ska<\/td><td class=\"has-text-align-center\" data-align=\"center\">26 583<\/td><td class=\"has-text-align-center\" data-align=\"center\">0,53%<\/td><\/tr><tr><td class=\"has-text-align-left\" data-align=\"left\">Tar Heel Capital Pathfinder<\/td><td class=\"has-text-align-center\" data-align=\"center\">856 140<\/td><td class=\"has-text-align-center\" data-align=\"center\">17,12%<\/td><\/tr><tr><td class=\"has-text-align-left\" data-align=\"left\">KFF Fundacja Rodzinna<\/td><td class=\"has-text-align-center\" data-align=\"center\">562 500<\/td><td class=\"has-text-align-center\" data-align=\"center\">11,25%<\/td><\/tr><tr><td class=\"has-text-align-left\" data-align=\"left\">Pozostali*<\/td><td class=\"has-text-align-center\" data-align=\"center\">1 801 736<\/td><td class=\"has-text-align-center\" data-align=\"center\">36,04%<\/td><\/tr><\/tbody><tfoot><tr><td class=\"has-text-align-left\" data-align=\"left\">RAZEM<\/td><td class=\"has-text-align-center\" data-align=\"center\">5 000 000<\/td><td class=\"has-text-align-center\" data-align=\"center\">100%<\/td><\/tr><\/tfoot><\/table><\/figure>\n<\/div>","protected":false},"excerpt":{"rendered":"<p>Akcjonariusze Liczba akcji Udzia\u0142 % Maciej Cie\u015bla z podmiotami zale\u017cnymi: Maciej Cie\u015bla Maciej Cie\u015bla Fundacja Rodzinna 1 113 000597 000516 000 22,26%11,94%10,32% Mateusz Tarczy\u0144ski Fundacja Rodzinna 640 041 12,80% Kinga Tarczy\u0144ska 26 583 0,53% Tar Heel Capital Pathfinder 856 140 17,12% KFF Fundacja Rodzinna 562 500 11,25% Pozostali* 1 801 736 36,04% RAZEM 5 000 [&hellip;]<\/p>\n","protected":false},"author":1,"featured_media":0,"parent":0,"menu_order":0,"comment_status":"closed","ping_status":"closed","template":"","meta":[],"acf":[],"yoast_head":"<!-- This site is optimized with the Yoast SEO plugin v19.3 - https:\/\/yoast.com\/wordpress\/plugins\/seo\/ -->\n<title>Akcjonariat - Woodpecker.co Sp\u00f3\u0142ka Akcyjna<\/title>\n<meta name=\"description\" content=\"Oficjalne informacje dotycz\u0105ce akcjonariatu sp\u00f3\u0142ki Woodpecker.co S.A. Lista akcjonariuszy. Liczba akcji. Udzia\u0142 %.\" \/>\n<meta name=\"robots\" content=\"index, follow, max-snippet:-1, max-image-preview:large, max-video-preview:-1\" \/>\n<link rel=\"canonical\" href=\"https:\/\/woodpecker.co\/investors\/akcjonariat\/\" \/>\n<meta property=\"og:locale\" content=\"pl_PL\" \/>\n<meta property=\"og:type\" content=\"article\" \/>\n<meta property=\"og:title\" content=\"Akcjonariat - Woodpecker.co Sp\u00f3\u0142ka Akcyjna\" \/>\n<meta property=\"og:description\" content=\"Oficjalne informacje dotycz\u0105ce akcjonariatu sp\u00f3\u0142ki Woodpecker.co S.A. Lista akcjonariuszy. Liczba akcji. Udzia\u0142 %.\" \/>\n<meta property=\"og:url\" content=\"https:\/\/woodpecker.co\/investors\/akcjonariat\/\" \/>\n<meta property=\"og:site_name\" content=\"Woodpecker Investors\" \/>\n<meta property=\"article:publisher\" content=\"https:\/\/www.facebook.com\/woodpeckerapp\/\" \/>\n<meta property=\"article:modified_time\" content=\"2026-01-29T11:10:11+00:00\" \/>\n<meta name=\"twitter:card\" content=\"summary_large_image\" \/>\n<meta name=\"twitter:site\" content=\"@Woodpecker_IR\" \/>\n<meta name=\"twitter:label1\" content=\"Est. reading time\" \/>\n\t<meta name=\"twitter:data1\" content=\"1 minute\" \/>\n<script type=\"application\/ld+json\" class=\"yoast-schema-graph\">{\"@context\":\"https:\/\/schema.org\",\"@graph\":[{\"@type\":\"WebSite\",\"@id\":\"https:\/\/woodpecker.co\/investors\/#website\",\"url\":\"https:\/\/woodpecker.co\/investors\/\",\"name\":\"Woodpecker Investors\",\"description\":\"Oficjalna strona relacji inwestorskich Woodpecker.co S.A. Informacje o sp\u00f3\u0142ce, aktualno\u015bci, raporty. Zapisz si\u0119 na webinar dla inwestor\u00f3w.\",\"potentialAction\":[{\"@type\":\"SearchAction\",\"target\":{\"@type\":\"EntryPoint\",\"urlTemplate\":\"https:\/\/woodpecker.co\/investors\/?s={search_term_string}\"},\"query-input\":\"required name=search_term_string\"}],\"inLanguage\":\"pl-PL\"},{\"@type\":\"WebPage\",\"@id\":\"https:\/\/woodpecker.co\/investors\/akcjonariat\/\",\"url\":\"https:\/\/woodpecker.co\/investors\/akcjonariat\/\",\"name\":\"Akcjonariat - Woodpecker.co Sp\u00f3\u0142ka Akcyjna\",\"isPartOf\":{\"@id\":\"https:\/\/woodpecker.co\/investors\/#website\"},\"datePublished\":\"2022-07-13T06:37:34+00:00\",\"dateModified\":\"2026-01-29T11:10:11+00:00\",\"description\":\"Oficjalne informacje dotycz\u0105ce akcjonariatu sp\u00f3\u0142ki Woodpecker.co S.A. Lista akcjonariuszy. Liczba akcji. Udzia\u0142 %.\",\"breadcrumb\":{\"@id\":\"https:\/\/woodpecker.co\/investors\/akcjonariat\/#breadcrumb\"},\"inLanguage\":\"pl-PL\",\"potentialAction\":[{\"@type\":\"ReadAction\",\"target\":[\"https:\/\/woodpecker.co\/investors\/akcjonariat\/\"]}]},{\"@type\":\"BreadcrumbList\",\"@id\":\"https:\/\/woodpecker.co\/investors\/akcjonariat\/#breadcrumb\",\"itemListElement\":[{\"@type\":\"ListItem\",\"position\":1,\"name\":\"Home\",\"item\":\"https:\/\/woodpecker.co\/investors\/\"},{\"@type\":\"ListItem\",\"position\":2,\"name\":\"Akcjonariat\"}]}]}<\/script>\n<!-- \/ Yoast SEO plugin. -->","yoast_head_json":{"title":"Akcjonariat - Woodpecker.co Sp\u00f3\u0142ka Akcyjna","description":"Oficjalne informacje dotycz\u0105ce akcjonariatu sp\u00f3\u0142ki Woodpecker.co S.A. Lista akcjonariuszy. Liczba akcji. Udzia\u0142 %.","robots":{"index":"index","follow":"follow","max-snippet":"max-snippet:-1","max-image-preview":"max-image-preview:large","max-video-preview":"max-video-preview:-1"},"canonical":"https:\/\/woodpecker.co\/investors\/akcjonariat\/","og_locale":"pl_PL","og_type":"article","og_title":"Akcjonariat - Woodpecker.co Sp\u00f3\u0142ka Akcyjna","og_description":"Oficjalne informacje dotycz\u0105ce akcjonariatu sp\u00f3\u0142ki Woodpecker.co S.A. Lista akcjonariuszy. Liczba akcji. Udzia\u0142 %.","og_url":"https:\/\/woodpecker.co\/investors\/akcjonariat\/","og_site_name":"Woodpecker Investors","article_publisher":"https:\/\/www.facebook.com\/woodpeckerapp\/","article_modified_time":"2026-01-29T11:10:11+00:00","twitter_card":"summary_large_image","twitter_site":"@Woodpecker_IR","twitter_misc":{"Est. reading time":"1 minute"},"schema":{"@context":"https:\/\/schema.org","@graph":[{"@type":"WebSite","@id":"https:\/\/woodpecker.co\/investors\/#website","url":"https:\/\/woodpecker.co\/investors\/","name":"Woodpecker Investors","description":"Oficjalna strona relacji inwestorskich Woodpecker.co S.A. Informacje o sp\u00f3\u0142ce, aktualno\u015bci, raporty. Zapisz si\u0119 na webinar dla inwestor\u00f3w.","potentialAction":[{"@type":"SearchAction","target":{"@type":"EntryPoint","urlTemplate":"https:\/\/woodpecker.co\/investors\/?s={search_term_string}"},"query-input":"required name=search_term_string"}],"inLanguage":"pl-PL"},{"@type":"WebPage","@id":"https:\/\/woodpecker.co\/investors\/akcjonariat\/","url":"https:\/\/woodpecker.co\/investors\/akcjonariat\/","name":"Akcjonariat - Woodpecker.co Sp\u00f3\u0142ka Akcyjna","isPartOf":{"@id":"https:\/\/woodpecker.co\/investors\/#website"},"datePublished":"2022-07-13T06:37:34+00:00","dateModified":"2026-01-29T11:10:11+00:00","description":"Oficjalne informacje dotycz\u0105ce akcjonariatu sp\u00f3\u0142ki Woodpecker.co S.A. Lista akcjonariuszy. Liczba akcji. Udzia\u0142 %.","breadcrumb":{"@id":"https:\/\/woodpecker.co\/investors\/akcjonariat\/#breadcrumb"},"inLanguage":"pl-PL","potentialAction":[{"@type":"ReadAction","target":["https:\/\/woodpecker.co\/investors\/akcjonariat\/"]}]},{"@type":"BreadcrumbList","@id":"https:\/\/woodpecker.co\/investors\/akcjonariat\/#breadcrumb","itemListElement":[{"@type":"ListItem","position":1,"name":"Home","item":"https:\/\/woodpecker.co\/investors\/"},{"@type":"ListItem","position":2,"name":"Akcjonariat"}]}]}},"_links":{"self":[{"href":"https:\/\/woodpecker.co\/investors\/wp-json\/wp\/v2\/pages\/56"}],"collection":[{"href":"https:\/\/woodpecker.co\/investors\/wp-json\/wp\/v2\/pages"}],"about":[{"href":"https:\/\/woodpecker.co\/investors\/wp-json\/wp\/v2\/types\/page"}],"author":[{"embeddable":true,"href":"https:\/\/woodpecker.co\/investors\/wp-json\/wp\/v2\/users\/1"}],"replies":[{"embeddable":true,"href":"https:\/\/woodpecker.co\/investors\/wp-json\/wp\/v2\/comments?post=56"}],"version-history":[{"count":17,"href":"https:\/\/woodpecker.co\/investors\/wp-json\/wp\/v2\/pages\/56\/revisions"}],"predecessor-version":[{"id":1050,"href":"https:\/\/woodpecker.co\/investors\/wp-json\/wp\/v2\/pages\/56\/revisions\/1050"}],"wp:attachment":[{"href":"https:\/\/woodpecker.co\/investors\/wp-json\/wp\/v2\/media?parent=56"}],"curies":[{"name":"wp","href":"https:\/\/api.w.org\/{rel}","templated":true}]}}