{"id":164,"date":"2022-07-15T05:44:03","date_gmt":"2022-07-15T05:44:03","guid":{"rendered":"https:\/\/woodpecker.co\/investors\/?page_id=164"},"modified":"2026-01-28T12:53:04","modified_gmt":"2026-01-28T12:53:04","slug":"lad-korporacyjny","status":"publish","type":"page","link":"https:\/\/woodpecker.co\/investors\/lad-korporacyjny\/","title":{"rendered":"\u0141ad korporacyjny"},"content":{"rendered":"\n<div class=\"wp-container-1 wp-block-group is-style-base\"><article class=\"bio-repeater\">\n    <div class=\"bio-repeater__full-width-container\">\n        <div class=\"bio-repeater__content-container\">\n            <h2 class=\"bio-repeater__heading u-heading-preset-l-500\">Zarz\u0105d<\/h2>\n            <article class=\"bio-repeater__repeater\">\n                                    <article class=\"bio\">\n                        <div class=\"bio__content\">\n                            <p class=\"bio__name u-heading-preset-md-400\">Maciej Cie\u015bla<\/p>\n                            <p class=\"bio__position u-text-preset-l-400\">Wiceprezes Zarz\u0105du, Chief Technology Officer, co-founder<\/p>\n                            <div class=\"bio__bio\"><div class=\"bio__bio\">\n<p>Senior Java Programista z 18-letnim do\u015bwiadczeniem w budowaniu zaawansowanych system\u00f3w m.in. wsp\u00f3\u0142tw\u00f3rca systemu bankowego Lucas Bank i CreditAgricole oraz systemu p\u0142atno\u015bci Blik. Ponad 7-letnie do\u015bwiadczenie w budowaniu produkt\u00f3w SaaS i rozwijaniu zespo\u0142\u00f3w programistycznych.<\/p>\n<\/div>\n<\/div>\n                            <a href=\"https:\/\/woodpecker.co\/investors\/app\/uploads\/2022\/07\/maciej-ciesla-klauzula-informacyjna.pdf\" target=\"_blank\" class=\"bio__button\"\n                               aria-label=\"Download bio file\">\n                                    <span class=\"bio__icon-container\">\n                                        <img src=\"https:\/\/woodpecker.co\/investors\/app\/themes\/woodpecker-investors\/assets\/img\/download-icon.svg\" alt=\"\" loading=\"lazy\"\n                                             class=\"bio__icon\"\/>\n                                    <\/span>\n                                Wi\u0119cej\n                            <\/a>\n                        <\/div>\n                        <div class=\"bio__image-container\">\n                            <img width=\"1376\" height=\"1696\" src=\"https:\/\/woodpecker.co\/investors\/app\/uploads\/2024\/12\/DSC_3905-scaled-e1734000697680.jpg\" class=\"bio__image\" alt=\"Maciej Cie\u015bla&#039;s photo\" loading=\"lazy\" srcset=\"https:\/\/woodpecker.co\/investors\/app\/uploads\/2024\/12\/DSC_3905-scaled-e1734000697680.jpg 1376w, https:\/\/woodpecker.co\/investors\/app\/uploads\/2024\/12\/DSC_3905-scaled-e1734000697680-243x300.jpg 243w, https:\/\/woodpecker.co\/investors\/app\/uploads\/2024\/12\/DSC_3905-scaled-e1734000697680-831x1024.jpg 831w, https:\/\/woodpecker.co\/investors\/app\/uploads\/2024\/12\/DSC_3905-scaled-e1734000697680-768x947.jpg 768w, https:\/\/woodpecker.co\/investors\/app\/uploads\/2024\/12\/DSC_3905-scaled-e1734000697680-1246x1536.jpg 1246w\" sizes=\"(max-width: 1376px) 100vw, 1376px\" \/>\n                        <\/div>\n                    <\/article>\n                                    <article class=\"bio\">\n                        <div class=\"bio__content\">\n                            <p class=\"bio__name u-heading-preset-md-400\">Dr Ma\u0142gorzata Sikora<\/p>\n                            <p class=\"bio__position u-text-preset-l-400\">Prezes Zarz\u0105du, CEO<\/p>\n                            <div class=\"bio__bio\"><p>Ma\u0142gorzata Sikora od 3 czerwca 2024 r. pe\u0142ni funkcj\u0119 Prezesa Zarz\u0105du, od 3 kwietnia 2023 r. pe\u0142ni\u0142a funkcj\u0119 cz\u0142onka Zarz\u0105du. W latach 2015-2016 odby\u0142a sta\u017c w Komisji Europejskiej oraz Helsi\u0144skiej Fundacji Praw Cz\u0142owieka. Od 2017 roku wsp\u00f3\u0142pracowa\u0142a z poprzednikiem prawnym Emitenta sp\u00f3\u0142k\u0105 Woodpecker.co sp. z o.o. oraz od 2018 roku prowadzi jednoosobow\u0105 dzia\u0142alno\u015b\u0107 gospodarcz\u0105 zajmuj\u0105c\u0105 si\u0119 doradztwem prawnym.<\/p>\n<\/div>\n                            <a href=\"https:\/\/woodpecker.co\/investors\/app\/uploads\/2023\/08\/malgorzata-sikora-bio.pdf\" target=\"_blank\" class=\"bio__button\"\n                               aria-label=\"Download bio file\">\n                                    <span class=\"bio__icon-container\">\n                                        <img src=\"https:\/\/woodpecker.co\/investors\/app\/themes\/woodpecker-investors\/assets\/img\/download-icon.svg\" alt=\"\" loading=\"lazy\"\n                                             class=\"bio__icon\"\/>\n                                    <\/span>\n                                Wi\u0119cej\n                            <\/a>\n                        <\/div>\n                        <div class=\"bio__image-container\">\n                            <img width=\"1363\" height=\"2048\" src=\"https:\/\/woodpecker.co\/investors\/app\/uploads\/2024\/12\/IMG_6084-1.jpg\" class=\"bio__image\" alt=\"Dr Ma\u0142gorzata Sikora&#039;s photo\" loading=\"lazy\" srcset=\"https:\/\/woodpecker.co\/investors\/app\/uploads\/2024\/12\/IMG_6084-1.jpg 1363w, https:\/\/woodpecker.co\/investors\/app\/uploads\/2024\/12\/IMG_6084-1-200x300.jpg 200w, https:\/\/woodpecker.co\/investors\/app\/uploads\/2024\/12\/IMG_6084-1-682x1024.jpg 682w, https:\/\/woodpecker.co\/investors\/app\/uploads\/2024\/12\/IMG_6084-1-768x1154.jpg 768w, https:\/\/woodpecker.co\/investors\/app\/uploads\/2024\/12\/IMG_6084-1-1022x1536.jpg 1022w\" sizes=\"(max-width: 1363px) 100vw, 1363px\" \/>\n                        <\/div>\n                    <\/article>\n                                    <article class=\"bio\">\n                        <div class=\"bio__content\">\n                            <p class=\"bio__name u-heading-preset-md-400\">Adam Biel<\/p>\n                            <p class=\"bio__position u-text-preset-l-400\">Cz\u0142onek Zarz\u0105du, Chief Engineering Officer<\/p>\n                            <div class=\"bio__bio\"><p><span style=\"font-weight: 400;\">Adam Biel od 1 listopada 2024 r. pe\u0142ni funkcj\u0119 Cz\u0142onka Zarz\u0105du Woodpecker.co.<\/span><\/p>\n<p>&nbsp;<\/p>\n<p><span style=\"font-weight: 400;\">Podczas wieloletniej kariery zawodowej Adam Biel zdobywa\u0142 do\u015bwiadczenie jako In\u017cynier Oprogramowania jak i Architekt IT w wielu sp\u00f3\u0142kach takich jak Krajowy Rejestr Dawc\u00f3w Szpiku Kostnego, ADV, AXIT, Infinite Technologies, QNH, Inteca.<\/span><\/p>\n<p>&nbsp;<\/p>\n<p><span style=\"font-weight: 400;\">Od 2012 roku zwi\u0105zany z sektorem finansowym w sp\u00f3\u0142kach Casus Finanse S.A, Lindorff S.A, Intrum, Hoist Finance na stanowiskach managerskich takich jak Manager IT, CTO, Dyrektor IT, Head of Development.<\/span><\/p>\n<p>&nbsp;<\/p>\n<p><span style=\"font-weight: 400;\">Od 2022 zwi\u0105zany ze sp\u00f3\u0142k\u0105 Woodpecker.co S.A na stanowisku Chief Engineering Officer<\/span><\/p>\n<\/div>\n                            <a href=\"https:\/\/woodpecker.co\/investors\/app\/uploads\/2024\/11\/Kwestionariusz-Adam-Biel.pdf\" target=\"_blank\" class=\"bio__button\"\n                               aria-label=\"Download bio file\">\n                                    <span class=\"bio__icon-container\">\n                                        <img src=\"https:\/\/woodpecker.co\/investors\/app\/themes\/woodpecker-investors\/assets\/img\/download-icon.svg\" alt=\"\" loading=\"lazy\"\n                                             class=\"bio__icon\"\/>\n                                    <\/span>\n                                Wi\u0119cej\n                            <\/a>\n                        <\/div>\n                        <div class=\"bio__image-container\">\n                            <img width=\"1703\" height=\"2560\" src=\"https:\/\/woodpecker.co\/investors\/app\/uploads\/2024\/11\/IMG_5080-scaled.jpg\" class=\"bio__image\" alt=\"Adam Biel&#039;s photo\" loading=\"lazy\" srcset=\"https:\/\/woodpecker.co\/investors\/app\/uploads\/2024\/11\/IMG_5080-scaled.jpg 1703w, https:\/\/woodpecker.co\/investors\/app\/uploads\/2024\/11\/IMG_5080-200x300.jpg 200w, https:\/\/woodpecker.co\/investors\/app\/uploads\/2024\/11\/IMG_5080-681x1024.jpg 681w, https:\/\/woodpecker.co\/investors\/app\/uploads\/2024\/11\/IMG_5080-768x1154.jpg 768w, https:\/\/woodpecker.co\/investors\/app\/uploads\/2024\/11\/IMG_5080-1022x1536.jpg 1022w, https:\/\/woodpecker.co\/investors\/app\/uploads\/2024\/11\/IMG_5080-1363x2048.jpg 1363w\" sizes=\"(max-width: 1703px) 100vw, 1703px\" \/>\n                        <\/div>\n                    <\/article>\n                            <\/article>\n        <\/div>\n    <\/div>\n<\/article>\n\n\n\n\n\n<article class=\"info-tile js-info-tile info-tile--is-simple\">\n            <h2 class=\"info-tile__heading\">Zasady \u0142adu korporacyjnego<\/h2>\n            <div class=\"info-tile__content\">\n        <div class=\"info-tile__text-content\">\n                    <\/div>\n\n                                                        \n            <div class=\"info-tile__button\">\n              <a href=\"https:\/\/woodpecker.co\/investors\/app\/uploads\/2022\/07\/zasady-ladu-korporacyjnego-stosowanego-przez-spolke-woodpecker-s.pdf\" target=\"_blank\" class=\"download-button\" aria-label=\"Pobierz za\u0142\u0105cznik\">\n                <img src=\"https:\/\/woodpecker.co\/investors\/app\/themes\/woodpecker-investors\/assets\/img\/download-icon.svg\" alt=\"\" loading=\"lazy\" class=\"info-tile__icon\">\n              <\/a>\n            <\/div>\n            <\/div>\n<\/article>\n\n\n\n\n\n<article class=\"info-tile js-info-tile info-tile--is-simple\">\n            <h2 class=\"info-tile__heading\">Informacja na temat stosowania przez sp\u00f3\u0142k\u0119 zasad zawartych w Zbiorze Dobre Praktyki Sp\u00f3\u0142ek notowanych na GPW 2021<\/h2>\n            <div class=\"info-tile__content\">\n        <div class=\"info-tile__text-content\">\n                    <\/div>\n\n                                                        \n            <div class=\"info-tile__button\">\n              <a href=\"https:\/\/woodpecker.co\/investors\/app\/uploads\/2026\/01\/GPW-Dobre-Praktyki-2021-WOODPECKER.pdf\" target=\"_blank\" class=\"download-button\" aria-label=\"Pobierz za\u0142\u0105cznik\">\n                <img src=\"https:\/\/woodpecker.co\/investors\/app\/themes\/woodpecker-investors\/assets\/img\/download-icon.svg\" alt=\"\" loading=\"lazy\" class=\"info-tile__icon\">\n              <\/a>\n            <\/div>\n            <\/div>\n<\/article>\n\n\n\n\n\n<article class=\"info-tile js-info-tile info-tile--is-simple\">\n            <h2 class=\"info-tile__heading\">Polityka wynagrodze\u0144<\/h2>\n            <div class=\"info-tile__content\">\n        <div class=\"info-tile__text-content\">\n                    <\/div>\n\n                                                        \n            <div class=\"info-tile__button\">\n              <a href=\"https:\/\/woodpecker.co\/investors\/app\/uploads\/2024\/05\/Polityka-wynagrodzen\u0301.pdf\" target=\"_blank\" class=\"download-button\" aria-label=\"Pobierz za\u0142\u0105cznik\">\n                <img src=\"https:\/\/woodpecker.co\/investors\/app\/themes\/woodpecker-investors\/assets\/img\/download-icon.svg\" alt=\"\" loading=\"lazy\" class=\"info-tile__icon\">\n              <\/a>\n            <\/div>\n            <\/div>\n<\/article>\n\n\n\n\n\n<article class=\"info-tile js-info-tile info-tile--is-simple\">\n            <h2 class=\"info-tile__heading\">Statut sp\u00f3\u0142ki<\/h2>\n            <div class=\"info-tile__content\">\n        <div class=\"info-tile__text-content\">\n                    <\/div>\n\n                                                        \n            <div class=\"info-tile__button\">\n              <a href=\"https:\/\/woodpecker.co\/investors\/app\/uploads\/2024\/08\/Woodpecker-Tekst-Jednolity-Statutu-07-2024.pdf\" target=\"_blank\" class=\"download-button\" aria-label=\"Pobierz za\u0142\u0105cznik\">\n                <img src=\"https:\/\/woodpecker.co\/investors\/app\/themes\/woodpecker-investors\/assets\/img\/download-icon.svg\" alt=\"\" loading=\"lazy\" class=\"info-tile__icon\">\n              <\/a>\n            <\/div>\n            <\/div>\n<\/article>\n\n\n\n<h2 class=\"is-style-h5\">Informacje dot. MAR<\/h2>\n\n\n\n<p>Zgodnie z&nbsp;<a href=\"https:\/\/eur-lex.europa.eu\/legal-content\/PL\/TXT\/?uri=CELEX%3A32014R0596\"><strong>Rozporz\u0105dzeniem MAR<\/strong><\/a>, cz\u0142onkowie w\u0142adz i nadzoru Woodpecker.co S.A. oraz osoby z nimi blisko zwi\u0105zane s\u0105 zobowi\u0105zane do informowania Sp\u00f3\u0142ki oraz Komisji Nadzoru Finansowego o transakcjach na instrumentach finansowych Woodpecker.co S.A.<\/p>\n\n\n\n<p>Je\u015bli potrzebujesz wi\u0119cej informacji, lub wzoru powiadomienia skontaktuj si\u0119 z dzia\u0142em relacji inwestorskich.<\/p>\n<\/div>\n","protected":false},"excerpt":{"rendered":"<p>Informacje dot. MAR Zgodnie z&nbsp;Rozporz\u0105dzeniem MAR, cz\u0142onkowie w\u0142adz i nadzoru Woodpecker.co S.A. oraz osoby z nimi blisko zwi\u0105zane s\u0105 zobowi\u0105zane do informowania Sp\u00f3\u0142ki oraz Komisji Nadzoru Finansowego o transakcjach na instrumentach finansowych Woodpecker.co S.A. Je\u015bli potrzebujesz wi\u0119cej informacji, lub wzoru powiadomienia skontaktuj si\u0119 z dzia\u0142em relacji inwestorskich.<\/p>\n","protected":false},"author":1,"featured_media":0,"parent":0,"menu_order":0,"comment_status":"closed","ping_status":"closed","template":"","meta":[],"acf":[],"yoast_head":"<!-- This site is optimized with the Yoast SEO plugin v19.3 - https:\/\/yoast.com\/wordpress\/plugins\/seo\/ -->\n<title>\u0141ad korporacyjny - Woodpecker.co Sp\u00f3\u0142ka Akcyjna<\/title>\n<meta name=\"description\" content=\"Sk\u0142ad zarz\u0105du. Zasady \u0142adu korporacyjnego. Statut sp\u00f3\u0142ki.\" \/>\n<meta name=\"robots\" content=\"index, follow, max-snippet:-1, max-image-preview:large, max-video-preview:-1\" \/>\n<link rel=\"canonical\" href=\"https:\/\/woodpecker.co\/investors\/lad-korporacyjny\/\" \/>\n<meta property=\"og:locale\" content=\"pl_PL\" \/>\n<meta property=\"og:type\" content=\"article\" \/>\n<meta property=\"og:title\" content=\"\u0141ad korporacyjny - Woodpecker.co Sp\u00f3\u0142ka Akcyjna\" \/>\n<meta property=\"og:description\" content=\"Sk\u0142ad zarz\u0105du. Zasady \u0142adu korporacyjnego. Statut sp\u00f3\u0142ki.\" \/>\n<meta property=\"og:url\" content=\"https:\/\/woodpecker.co\/investors\/lad-korporacyjny\/\" \/>\n<meta property=\"og:site_name\" content=\"Woodpecker Investors\" \/>\n<meta property=\"article:publisher\" content=\"https:\/\/www.facebook.com\/woodpeckerapp\/\" \/>\n<meta property=\"article:modified_time\" content=\"2026-01-28T12:53:04+00:00\" \/>\n<meta name=\"twitter:card\" content=\"summary_large_image\" \/>\n<meta name=\"twitter:site\" content=\"@Woodpecker_IR\" \/>\n<meta name=\"twitter:label1\" content=\"Est. reading time\" \/>\n\t<meta name=\"twitter:data1\" content=\"1 minute\" \/>\n<script type=\"application\/ld+json\" class=\"yoast-schema-graph\">{\"@context\":\"https:\/\/schema.org\",\"@graph\":[{\"@type\":\"WebSite\",\"@id\":\"https:\/\/woodpecker.co\/investors\/#website\",\"url\":\"https:\/\/woodpecker.co\/investors\/\",\"name\":\"Woodpecker Investors\",\"description\":\"Oficjalna strona relacji inwestorskich Woodpecker.co S.A. Informacje o sp\u00f3\u0142ce, aktualno\u015bci, raporty. Zapisz si\u0119 na webinar dla inwestor\u00f3w.\",\"potentialAction\":[{\"@type\":\"SearchAction\",\"target\":{\"@type\":\"EntryPoint\",\"urlTemplate\":\"https:\/\/woodpecker.co\/investors\/?s={search_term_string}\"},\"query-input\":\"required name=search_term_string\"}],\"inLanguage\":\"pl-PL\"},{\"@type\":\"WebPage\",\"@id\":\"https:\/\/woodpecker.co\/investors\/lad-korporacyjny\/\",\"url\":\"https:\/\/woodpecker.co\/investors\/lad-korporacyjny\/\",\"name\":\"\u0141ad korporacyjny - Woodpecker.co Sp\u00f3\u0142ka Akcyjna\",\"isPartOf\":{\"@id\":\"https:\/\/woodpecker.co\/investors\/#website\"},\"datePublished\":\"2022-07-15T05:44:03+00:00\",\"dateModified\":\"2026-01-28T12:53:04+00:00\",\"description\":\"Sk\u0142ad zarz\u0105du. Zasady \u0142adu korporacyjnego. Statut sp\u00f3\u0142ki.\",\"breadcrumb\":{\"@id\":\"https:\/\/woodpecker.co\/investors\/lad-korporacyjny\/#breadcrumb\"},\"inLanguage\":\"pl-PL\",\"potentialAction\":[{\"@type\":\"ReadAction\",\"target\":[\"https:\/\/woodpecker.co\/investors\/lad-korporacyjny\/\"]}]},{\"@type\":\"BreadcrumbList\",\"@id\":\"https:\/\/woodpecker.co\/investors\/lad-korporacyjny\/#breadcrumb\",\"itemListElement\":[{\"@type\":\"ListItem\",\"position\":1,\"name\":\"Home\",\"item\":\"https:\/\/woodpecker.co\/investors\/\"},{\"@type\":\"ListItem\",\"position\":2,\"name\":\"\u0141ad korporacyjny\"}]}]}<\/script>\n<!-- \/ Yoast SEO plugin. -->","yoast_head_json":{"title":"\u0141ad korporacyjny - Woodpecker.co Sp\u00f3\u0142ka Akcyjna","description":"Sk\u0142ad zarz\u0105du. Zasady \u0142adu korporacyjnego. Statut sp\u00f3\u0142ki.","robots":{"index":"index","follow":"follow","max-snippet":"max-snippet:-1","max-image-preview":"max-image-preview:large","max-video-preview":"max-video-preview:-1"},"canonical":"https:\/\/woodpecker.co\/investors\/lad-korporacyjny\/","og_locale":"pl_PL","og_type":"article","og_title":"\u0141ad korporacyjny - Woodpecker.co Sp\u00f3\u0142ka Akcyjna","og_description":"Sk\u0142ad zarz\u0105du. Zasady \u0142adu korporacyjnego. Statut sp\u00f3\u0142ki.","og_url":"https:\/\/woodpecker.co\/investors\/lad-korporacyjny\/","og_site_name":"Woodpecker Investors","article_publisher":"https:\/\/www.facebook.com\/woodpeckerapp\/","article_modified_time":"2026-01-28T12:53:04+00:00","twitter_card":"summary_large_image","twitter_site":"@Woodpecker_IR","twitter_misc":{"Est. reading time":"1 minute"},"schema":{"@context":"https:\/\/schema.org","@graph":[{"@type":"WebSite","@id":"https:\/\/woodpecker.co\/investors\/#website","url":"https:\/\/woodpecker.co\/investors\/","name":"Woodpecker Investors","description":"Oficjalna strona relacji inwestorskich Woodpecker.co S.A. Informacje o sp\u00f3\u0142ce, aktualno\u015bci, raporty. Zapisz si\u0119 na webinar dla inwestor\u00f3w.","potentialAction":[{"@type":"SearchAction","target":{"@type":"EntryPoint","urlTemplate":"https:\/\/woodpecker.co\/investors\/?s={search_term_string}"},"query-input":"required name=search_term_string"}],"inLanguage":"pl-PL"},{"@type":"WebPage","@id":"https:\/\/woodpecker.co\/investors\/lad-korporacyjny\/","url":"https:\/\/woodpecker.co\/investors\/lad-korporacyjny\/","name":"\u0141ad korporacyjny - Woodpecker.co Sp\u00f3\u0142ka Akcyjna","isPartOf":{"@id":"https:\/\/woodpecker.co\/investors\/#website"},"datePublished":"2022-07-15T05:44:03+00:00","dateModified":"2026-01-28T12:53:04+00:00","description":"Sk\u0142ad zarz\u0105du. Zasady \u0142adu korporacyjnego. Statut sp\u00f3\u0142ki.","breadcrumb":{"@id":"https:\/\/woodpecker.co\/investors\/lad-korporacyjny\/#breadcrumb"},"inLanguage":"pl-PL","potentialAction":[{"@type":"ReadAction","target":["https:\/\/woodpecker.co\/investors\/lad-korporacyjny\/"]}]},{"@type":"BreadcrumbList","@id":"https:\/\/woodpecker.co\/investors\/lad-korporacyjny\/#breadcrumb","itemListElement":[{"@type":"ListItem","position":1,"name":"Home","item":"https:\/\/woodpecker.co\/investors\/"},{"@type":"ListItem","position":2,"name":"\u0141ad korporacyjny"}]}]}},"_links":{"self":[{"href":"https:\/\/woodpecker.co\/investors\/wp-json\/wp\/v2\/pages\/164"}],"collection":[{"href":"https:\/\/woodpecker.co\/investors\/wp-json\/wp\/v2\/pages"}],"about":[{"href":"https:\/\/woodpecker.co\/investors\/wp-json\/wp\/v2\/types\/page"}],"author":[{"embeddable":true,"href":"https:\/\/woodpecker.co\/investors\/wp-json\/wp\/v2\/users\/1"}],"replies":[{"embeddable":true,"href":"https:\/\/woodpecker.co\/investors\/wp-json\/wp\/v2\/comments?post=164"}],"version-history":[{"count":46,"href":"https:\/\/woodpecker.co\/investors\/wp-json\/wp\/v2\/pages\/164\/revisions"}],"predecessor-version":[{"id":1041,"href":"https:\/\/woodpecker.co\/investors\/wp-json\/wp\/v2\/pages\/164\/revisions\/1041"}],"wp:attachment":[{"href":"https:\/\/woodpecker.co\/investors\/wp-json\/wp\/v2\/media?parent=164"}],"curies":[{"name":"wp","href":"https:\/\/api.w.org\/{rel}","templated":true}]}}