{"id":10284,"date":"2020-12-03T18:01:49","date_gmt":"2020-12-03T18:01:49","guid":{"rendered":"https:\/\/woodpecker.co\/blog\/strona-glowna\/"},"modified":"2023-04-07T08:49:23","modified_gmt":"2023-04-07T07:49:23","slug":"strona-glowna","status":"publish","type":"page","link":"https:\/\/woodpecker.co\/blog\/pl\/","title":{"rendered":"Strona g\u0142\u00f3wna"},"content":{"rendered":"","protected":false},"excerpt":{"rendered":"","protected":false},"author":1,"featured_media":0,"parent":0,"menu_order":0,"comment_status":"closed","ping_status":"closed","template":"home.php","meta":[],"acf":[],"yoast_head":"<!-- This site is optimized with the Yoast SEO plugin v20.11 - https:\/\/yoast.com\/wordpress\/plugins\/seo\/ -->\n<title>Strona g\u0142\u00f3wna - Woodpecker Blog<\/title>\n<meta name=\"description\" content=\"- Strona g\u0142\u00f3wna - Artyku\u0142y Blogowe Woodpecker.co\" \/>\n<meta name=\"robots\" content=\"index, follow, max-snippet:-1, max-image-preview:large, max-video-preview:-1\" \/>\n<link rel=\"canonical\" href=\"https:\/\/woodpecker.co\/blog\/pl\/\" \/>\n<meta property=\"og:locale\" content=\"pl_PL\" \/>\n<meta property=\"og:type\" content=\"article\" \/>\n<meta property=\"og:title\" content=\"Strona g\u0142\u00f3wna - Woodpecker Blog\" \/>\n<meta property=\"og:description\" content=\"- Strona g\u0142\u00f3wna - Artyku\u0142y Blogowe Woodpecker.co\" \/>\n<meta property=\"og:url\" content=\"https:\/\/woodpecker.co\/blog\/pl\/\" \/>\n<meta property=\"og:site_name\" content=\"Woodpecker Blog\" \/>\n<meta property=\"article:publisher\" content=\"https:\/\/business.facebook.com\/woodpeckerapp\" \/>\n<meta property=\"article:modified_time\" content=\"2023-04-07T07:49:23+00:00\" \/>\n<meta name=\"twitter:card\" content=\"summary_large_image\" \/>\n<meta name=\"twitter:site\" content=\"@woodpeckerapp\" \/>\n<script type=\"application\/ld+json\" class=\"yoast-schema-graph\">{\"@context\":\"https:\/\/schema.org\",\"@graph\":[{\"@type\":\"WebPage\",\"@id\":\"https:\/\/woodpecker.co\/blog\/pl\/\",\"url\":\"https:\/\/woodpecker.co\/blog\/pl\/\",\"name\":\"Strona g\u0142\u00f3wna - Woodpecker Blog\",\"isPartOf\":{\"@id\":\"https:\/\/woodpecker.co\/blog\/#website\"},\"datePublished\":\"2020-12-03T18:01:49+00:00\",\"dateModified\":\"2023-04-07T07:49:23+00:00\",\"description\":\"- Strona g\u0142\u00f3wna - Artyku\u0142y Blogowe Woodpecker.co\",\"inLanguage\":\"pl-PL\",\"potentialAction\":[{\"@type\":\"ReadAction\",\"target\":[\"https:\/\/woodpecker.co\/blog\/pl\/\"]}]},{\"@type\":\"WebSite\",\"@id\":\"https:\/\/woodpecker.co\/blog\/#website\",\"url\":\"https:\/\/woodpecker.co\/blog\/\",\"name\":\"Woodpecker Blog\",\"description\":\"Woodpecker Blog - Pro Tips on Cold Emails, Follow-ups, Sales &amp; Growth\",\"publisher\":{\"@id\":\"https:\/\/woodpecker.co\/blog\/#organization\"},\"potentialAction\":[{\"@type\":\"SearchAction\",\"target\":{\"@type\":\"EntryPoint\",\"urlTemplate\":\"https:\/\/woodpecker.co\/blog\/?s={search_term_string}\"},\"query-input\":\"required name=search_term_string\"}],\"inLanguage\":\"pl-PL\"},{\"@type\":\"Organization\",\"@id\":\"https:\/\/woodpecker.co\/blog\/#organization\",\"name\":\"Woodpecker.co\",\"url\":\"https:\/\/woodpecker.co\/blog\/\",\"logo\":{\"@type\":\"ImageObject\",\"inLanguage\":\"pl-PL\",\"@id\":\"https:\/\/woodpecker.co\/blog\/#\/schema\/logo\/image\/\",\"url\":\"https:\/\/woodpecker.co\/blog\/app\/uploads\/2015\/06\/WP_Logo_WersjaPodstawowa_Pionowa_CzarneTlo_RGB.jpg\",\"contentUrl\":\"https:\/\/woodpecker.co\/blog\/app\/uploads\/2015\/06\/WP_Logo_WersjaPodstawowa_Pionowa_CzarneTlo_RGB.jpg\",\"width\":1240,\"height\":874,\"caption\":\"Woodpecker.co\"},\"image\":{\"@id\":\"https:\/\/woodpecker.co\/blog\/#\/schema\/logo\/image\/\"},\"sameAs\":[\"https:\/\/business.facebook.com\/woodpeckerapp\",\"https:\/\/twitter.com\/woodpeckerapp\",\"https:\/\/www.instagram.com\/woodpeckerapp\/\",\"https:\/\/www.linkedin.com\/company\/woodpecker-co\/\",\"https:\/\/www.youtube.com\/channel\/UCNN9wM55yaNI-KEZCfh66_A\"]}]}<\/script>\n<!-- \/ Yoast SEO plugin. -->","yoast_head_json":{"title":"Strona g\u0142\u00f3wna - Woodpecker Blog","description":"- Strona g\u0142\u00f3wna - Artyku\u0142y Blogowe Woodpecker.co","robots":{"index":"index","follow":"follow","max-snippet":"max-snippet:-1","max-image-preview":"max-image-preview:large","max-video-preview":"max-video-preview:-1"},"canonical":"https:\/\/woodpecker.co\/blog\/pl\/","og_locale":"pl_PL","og_type":"article","og_title":"Strona g\u0142\u00f3wna - Woodpecker Blog","og_description":"- Strona g\u0142\u00f3wna - Artyku\u0142y Blogowe Woodpecker.co","og_url":"https:\/\/woodpecker.co\/blog\/pl\/","og_site_name":"Woodpecker Blog","article_publisher":"https:\/\/business.facebook.com\/woodpeckerapp","article_modified_time":"2023-04-07T07:49:23+00:00","twitter_card":"summary_large_image","twitter_site":"@woodpeckerapp","schema":{"@context":"https:\/\/schema.org","@graph":[{"@type":"WebPage","@id":"https:\/\/woodpecker.co\/blog\/pl\/","url":"https:\/\/woodpecker.co\/blog\/pl\/","name":"Strona g\u0142\u00f3wna - Woodpecker Blog","isPartOf":{"@id":"https:\/\/woodpecker.co\/blog\/#website"},"datePublished":"2020-12-03T18:01:49+00:00","dateModified":"2023-04-07T07:49:23+00:00","description":"- Strona g\u0142\u00f3wna - Artyku\u0142y Blogowe Woodpecker.co","inLanguage":"pl-PL","potentialAction":[{"@type":"ReadAction","target":["https:\/\/woodpecker.co\/blog\/pl\/"]}]},{"@type":"WebSite","@id":"https:\/\/woodpecker.co\/blog\/#website","url":"https:\/\/woodpecker.co\/blog\/","name":"Woodpecker Blog","description":"Woodpecker Blog - Pro Tips on Cold Emails, Follow-ups, Sales &amp; Growth","publisher":{"@id":"https:\/\/woodpecker.co\/blog\/#organization"},"potentialAction":[{"@type":"SearchAction","target":{"@type":"EntryPoint","urlTemplate":"https:\/\/woodpecker.co\/blog\/?s={search_term_string}"},"query-input":"required name=search_term_string"}],"inLanguage":"pl-PL"},{"@type":"Organization","@id":"https:\/\/woodpecker.co\/blog\/#organization","name":"Woodpecker.co","url":"https:\/\/woodpecker.co\/blog\/","logo":{"@type":"ImageObject","inLanguage":"pl-PL","@id":"https:\/\/woodpecker.co\/blog\/#\/schema\/logo\/image\/","url":"https:\/\/woodpecker.co\/blog\/app\/uploads\/2015\/06\/WP_Logo_WersjaPodstawowa_Pionowa_CzarneTlo_RGB.jpg","contentUrl":"https:\/\/woodpecker.co\/blog\/app\/uploads\/2015\/06\/WP_Logo_WersjaPodstawowa_Pionowa_CzarneTlo_RGB.jpg","width":1240,"height":874,"caption":"Woodpecker.co"},"image":{"@id":"https:\/\/woodpecker.co\/blog\/#\/schema\/logo\/image\/"},"sameAs":["https:\/\/business.facebook.com\/woodpeckerapp","https:\/\/twitter.com\/woodpeckerapp","https:\/\/www.instagram.com\/woodpeckerapp\/","https:\/\/www.linkedin.com\/company\/woodpecker-co\/","https:\/\/www.youtube.com\/channel\/UCNN9wM55yaNI-KEZCfh66_A"]}]}},"_links":{"self":[{"href":"https:\/\/woodpecker.co\/blog\/pl\/wp-json\/wp\/v2\/pages\/10284"}],"collection":[{"href":"https:\/\/woodpecker.co\/blog\/pl\/wp-json\/wp\/v2\/pages"}],"about":[{"href":"https:\/\/woodpecker.co\/blog\/pl\/wp-json\/wp\/v2\/types\/page"}],"author":[{"embeddable":true,"href":"https:\/\/woodpecker.co\/blog\/pl\/wp-json\/wp\/v2\/users\/1"}],"replies":[{"embeddable":true,"href":"https:\/\/woodpecker.co\/blog\/pl\/wp-json\/wp\/v2\/comments?post=10284"}],"version-history":[{"count":5,"href":"https:\/\/woodpecker.co\/blog\/pl\/wp-json\/wp\/v2\/pages\/10284\/revisions"}],"predecessor-version":[{"id":17199,"href":"https:\/\/woodpecker.co\/blog\/pl\/wp-json\/wp\/v2\/pages\/10284\/revisions\/17199"}],"wp:attachment":[{"href":"https:\/\/woodpecker.co\/blog\/pl\/wp-json\/wp\/v2\/media?parent=10284"}],"curies":[{"name":"wp","href":"https:\/\/api.w.org\/{rel}","templated":true}]}}